{"id":91,"date":"2020-04-05T06:31:20","date_gmt":"2020-04-05T06:31:20","guid":{"rendered":"https:\/\/demo.wpeventpartners.com\/agility-conclave\/?page_id=2"},"modified":"2024-09-18T17:28:33","modified_gmt":"2024-09-18T15:28:33","slug":"about-us","status":"publish","type":"page","link":"https:\/\/infosonline.sk\/en\/about-us","title":{"rendered":"Goal of the symposium"},"content":{"rendered":"<div data-elementor-type=\"wp-page\" data-elementor-id=\"91\" class=\"elementor elementor-91\">\n\t\t\t\t\t\t<section class=\"elementor-section elementor-top-section elementor-element elementor-element-5e79213b elementor-section-boxed elementor-section-height-default elementor-section-height-default\" data-id=\"5e79213b\" data-element_type=\"section\">\n\t\t\t\t\t\t<div class=\"elementor-container elementor-column-gap-default\">\n\t\t\t\t\t<div class=\"elementor-column elementor-col-100 elementor-top-column elementor-element elementor-element-1b544c0c\" data-id=\"1b544c0c\" data-element_type=\"column\">\n\t\t\t<div class=\"elementor-widget-wrap elementor-element-populated\">\n\t\t\t\t\t\t<div class=\"elementor-element elementor-element-3dacf38c elementor-widget elementor-widget-text-editor\" data-id=\"3dacf38c\" data-element_type=\"widget\" data-widget_type=\"text-editor.default\">\n\t\t\t\t<div class=\"elementor-widget-container\">\n\t\t\t\t\t\t\t<p><span style=\"color: #000000;\"><!-- wp:paragraph --><\/span><\/p>\n<p style=\"text-align: left;\"><span style=\"color: #000000;\">The basic goal of the symposium is to reflect on the current state of librarianship in Slovakia and abroad, outline the development of library science and practice in the near future, and name new challenges in the hypermodern domain. This is referred to as a time of paradoxes - on the one hand, culture is the highest of the company&#039;s values, on the other hand, its funding is undersized. On the one hand, education is extremely important, on the other hand, we admit the right to an opinion, even though it contradicts science and knowledge, and so we could continue calculating other paradoxes.  Society, including libraries and other fund and memory institutions, is in the vortex of the fourth industrial revolution and a complex of cultural and social changes. The aim of the symposium is to highlight new challenges in contrast with our reality. We consider it important to share experiences, innovations and ideas with each other.<\/span><\/p>\n<p style=\"text-align: left;\"><span style=\"color: #000000;\"><!-- \/wp:paragraph --><!-- wp:paragraph --><\/span><\/p>\n<p style=\"text-align: left;\"><span style=\"color: #000000;\">In the individual areas (elements), we would like to reflect the following circles, which correspond with each other and in their practical outputs, intertwine with each other: profession, innovation and client.<\/span><\/p>\n<p style=\"text-align: center;\"><span style=\"color: #000000;\">Circuits in individual blocks:\u00a0<\/span><\/p>\n<p style=\"text-align: left;\"><span style=\"color: #000000;\"><!-- \/wp:paragraph --><!-- wp:paragraph --><\/span><\/p>\n<p><span style=\"color: #000000;\"><!-- \/wp:paragraph --><\/span><\/p>\t\t\t\t\t\t<\/div>\n\t\t\t\t<\/div>\n\t\t\t\t\t<\/div>\n\t\t<\/div>\n\t\t\t\t\t<\/div>\n\t\t<\/section>\n\t\t\t\t<section class=\"elementor-section elementor-top-section elementor-element elementor-element-a99f5b7 elementor-section-boxed elementor-section-height-default elementor-section-height-default\" data-id=\"a99f5b7\" data-element_type=\"section\">\n\t\t\t\t\t\t<div class=\"elementor-container elementor-column-gap-default\">\n\t\t\t\t\t<div class=\"elementor-column elementor-col-33 elementor-top-column elementor-element elementor-element-bc92711\" data-id=\"bc92711\" data-element_type=\"column\">\n\t\t\t<div class=\"elementor-widget-wrap elementor-element-populated\">\n\t\t\t\t\t\t<div class=\"elementor-element elementor-element-9dd99cb elementor-align-center elementor-invisible elementor-widget elementor-widget-button\" data-id=\"9dd99cb\" data-element_type=\"widget\" data-settings=\"{&quot;_animation&quot;:&quot;slideInLeft&quot;}\" data-widget_type=\"button.default\">\n\t\t\t\t<div class=\"elementor-widget-container\">\n\t\t\t\t\t<div class=\"elementor-button-wrapper\">\n\t\t\t<a class=\"elementor-button elementor-size-sm\" role=\"button\">\n\t\t\t\t\t\t<span class=\"elementor-button-content-wrapper\">\n\t\t\t\t\t\t\t\t\t<span class=\"elementor-button-text\">Profession<\/span>\n\t\t\t\t\t<\/span>\n\t\t\t\t\t<\/a>\n\t\t<\/div>\n\t\t\t\t<\/div>\n\t\t\t\t<\/div>\n\t\t\t\t\t<\/div>\n\t\t<\/div>\n\t\t\t\t<div class=\"elementor-column elementor-col-33 elementor-top-column elementor-element elementor-element-ad61efa\" data-id=\"ad61efa\" data-element_type=\"column\">\n\t\t\t<div class=\"elementor-widget-wrap elementor-element-populated\">\n\t\t\t\t\t\t<div class=\"elementor-element elementor-element-c2f9c05 elementor-align-center elementor-invisible elementor-widget elementor-widget-button\" data-id=\"c2f9c05\" data-element_type=\"widget\" data-settings=\"{&quot;_animation&quot;:&quot;slideInUp&quot;}\" data-widget_type=\"button.default\">\n\t\t\t\t<div class=\"elementor-widget-container\">\n\t\t\t\t\t<div class=\"elementor-button-wrapper\">\n\t\t\t<a class=\"elementor-button elementor-size-sm\" role=\"button\">\n\t\t\t\t\t\t<span class=\"elementor-button-content-wrapper\">\n\t\t\t\t\t\t\t\t\t<span class=\"elementor-button-text\">Innovations<\/span>\n\t\t\t\t\t<\/span>\n\t\t\t\t\t<\/a>\n\t\t<\/div>\n\t\t\t\t<\/div>\n\t\t\t\t<\/div>\n\t\t\t\t\t<\/div>\n\t\t<\/div>\n\t\t\t\t<div class=\"elementor-column elementor-col-33 elementor-top-column elementor-element elementor-element-314af21\" data-id=\"314af21\" data-element_type=\"column\">\n\t\t\t<div class=\"elementor-widget-wrap elementor-element-populated\">\n\t\t\t\t\t\t<div class=\"elementor-element elementor-element-b4b0560 elementor-align-center elementor-invisible elementor-widget elementor-widget-button\" data-id=\"b4b0560\" data-element_type=\"widget\" data-settings=\"{&quot;_animation&quot;:&quot;slideInRight&quot;}\" data-widget_type=\"button.default\">\n\t\t\t\t<div class=\"elementor-widget-container\">\n\t\t\t\t\t<div class=\"elementor-button-wrapper\">\n\t\t\t<a class=\"elementor-button elementor-size-sm\" role=\"button\">\n\t\t\t\t\t\t<span class=\"elementor-button-content-wrapper\">\n\t\t\t\t\t\t\t\t\t<span class=\"elementor-button-text\">The client<\/span>\n\t\t\t\t\t<\/span>\n\t\t\t\t\t<\/a>\n\t\t<\/div>\n\t\t\t\t<\/div>\n\t\t\t\t<\/div>\n\t\t\t\t\t<\/div>\n\t\t<\/div>\n\t\t\t\t\t<\/div>\n\t\t<\/section>\n\t\t\t\t<section class=\"elementor-section elementor-top-section elementor-element elementor-element-c831346 elementor-section-boxed elementor-section-height-default elementor-section-height-default\" data-id=\"c831346\" data-element_type=\"section\">\n\t\t\t\t\t\t<div class=\"elementor-container elementor-column-gap-default\">\n\t\t\t\t\t<div class=\"elementor-column elementor-col-33 elementor-top-column elementor-element elementor-element-0a591b1\" data-id=\"0a591b1\" data-element_type=\"column\">\n\t\t\t<div class=\"elementor-widget-wrap elementor-element-populated\">\n\t\t\t\t\t\t<div class=\"elementor-element elementor-element-380f944 elementor-widget elementor-widget-text-editor\" data-id=\"380f944\" data-element_type=\"widget\" data-widget_type=\"text-editor.default\">\n\t\t\t\t<div class=\"elementor-widget-container\">\n\t\t\t\t\t\t\t<ul style=\"margin-top: 0cm;\" type=\"disc\">\n<li><span style=\"color: #000000;\">Strategies for library development and<span style=\"font-family: Arial, sans-serif;\">\u202f<\/span>information practice (at different levels \u2013 national, sectoral, institutional; concepts, possibilities, challenges and their contribution);<\/span><\/li>\n<li><span style=\"color: #000000;\">An efficient national library system (libraries of all types and<span style=\"font-family: Arial, sans-serif;\">\u202f<\/span>their roles in<span style=\"font-family: Arial, sans-serif;\">\u202f<\/span>within the structure) or how to find the key to functioning and cooperation;<\/span><\/li>\n<li><span style=\"color: #000000;\">The issue of sharing basic library data (absence of a national collective catalog; register of digitized documents; sharing of information resources at the national level, etc.)<\/span><\/li>\n<li><span style=\"color: #000000;\">Further education of librarians \u2013 uniform methodology for the development of competences and skills (problems of primary librarian education; accredited courses; digital competences, etc.)<\/span><\/li>\n<li><span style=\"color: #000000;\">The problem of professional ethics a<span style=\"font-family: Arial, sans-serif;\">\u202f<\/span>its application in<span style=\"font-family: Arial, sans-serif;\">\u202f<\/span>practice;<\/span><\/li>\n<li><span style=\"color: #000000;\">Libraries - a place of open science a<span style=\"font-family: Arial, sans-serif;\">\u202f<\/span>information... but? (copyright issues; equal access; resources and competences, etc.);<\/span><\/li>\n<li><span style=\"color: #000000;\">Librarian = Superhero before burnout\/extinction?<\/span><\/li>\n<\/ul>\t\t\t\t\t\t<\/div>\n\t\t\t\t<\/div>\n\t\t\t\t\t<\/div>\n\t\t<\/div>\n\t\t\t\t<div class=\"elementor-column elementor-col-33 elementor-top-column elementor-element elementor-element-8f8cfc2\" data-id=\"8f8cfc2\" data-element_type=\"column\">\n\t\t\t<div class=\"elementor-widget-wrap elementor-element-populated\">\n\t\t\t\t\t\t<div class=\"elementor-element elementor-element-c979b34 elementor-widget elementor-widget-text-editor\" data-id=\"c979b34\" data-element_type=\"widget\" data-widget_type=\"text-editor.default\">\n\t\t\t\t<div class=\"elementor-widget-container\">\n\t\t\t\t\t\t\t<ul style=\"margin-top: 0cm;\" type=\"disc\">\n<li><span style=\"color: #000000;\">Artificial intelligence - boundaries in<span style=\"font-family: Arial, sans-serif;\">\u202f<\/span>boundless possibilities \u2013 ethical dimension;\u00a0<\/span><\/li>\n<li><span style=\"color: #000000;\">AI in librarianship services;<\/span><\/li>\n<li><span style=\"color: #000000;\">Concerns vs. benefit (examples of good practice in the use of technological innovations in<span style=\"font-family: Arial, sans-serif;\">\u202f<\/span>libraries);<\/span><\/li>\n<li><span style=\"color: #000000;\">Sharing digitized resources - dream, vision, reality?<\/span><\/li>\n<li><span style=\"color: #000000;\">Yes, it makes sense - libraries in the digital age<\/span><\/li>\n<\/ul>\t\t\t\t\t\t<\/div>\n\t\t\t\t<\/div>\n\t\t\t\t\t<\/div>\n\t\t<\/div>\n\t\t\t\t<div class=\"elementor-column elementor-col-33 elementor-top-column elementor-element elementor-element-3e37b9e\" data-id=\"3e37b9e\" data-element_type=\"column\">\n\t\t\t<div class=\"elementor-widget-wrap elementor-element-populated\">\n\t\t\t\t\t\t<div class=\"elementor-element elementor-element-d80cb4a elementor-widget elementor-widget-text-editor\" data-id=\"d80cb4a\" data-element_type=\"widget\" data-widget_type=\"text-editor.default\">\n\t\t\t\t<div class=\"elementor-widget-container\">\n\t\t\t\t\t\t\t<ul style=\"margin-top: 0cm;\" type=\"disc\">\n<li><span style=\"color: #000000;\">Client needs and requirements vs. our capabilities and limitations;<\/span><\/li>\n<li><span style=\"color: #000000;\">Digital services of the state - libraries as an &quot;extended hand&quot;;<\/span><\/li>\n<li><span style=\"color: #000000;\">More does not mean better... or how to distribute forces in relation to<span style=\"font-family: Arial, sans-serif;\">\u202f<\/span>public services;<\/span><\/li>\n<li><span style=\"color: #000000;\">Looking for islands of silence or new experiences?<\/span><\/li>\n<li><span style=\"color: #000000;\">Is the library really a place for everyone or just a slogan?<\/span><\/li>\n<li><span style=\"color: #000000;\">The library - your better side (we believe that it is not the only one) - marketing and its use in everyday practice.\u00a0<\/span><\/li>\n<\/ul>\t\t\t\t\t\t<\/div>\n\t\t\t\t<\/div>\n\t\t\t\t\t<\/div>\n\t\t<\/div>\n\t\t\t\t\t<\/div>\n\t\t<\/section>\n\t\t\t\t<section class=\"elementor-section elementor-top-section elementor-element elementor-element-153ad41 elementor-section-boxed elementor-section-height-default elementor-section-height-default\" data-id=\"153ad41\" data-element_type=\"section\">\n\t\t\t\t\t\t<div class=\"elementor-container elementor-column-gap-default\">\n\t\t\t\t\t<div class=\"elementor-column elementor-col-100 elementor-top-column elementor-element elementor-element-4c0526d\" data-id=\"4c0526d\" data-element_type=\"column\">\n\t\t\t<div class=\"elementor-widget-wrap elementor-element-populated\">\n\t\t\t\t\t\t<div class=\"elementor-element elementor-element-1c8d1b4 elementor-widget elementor-widget-text-editor\" data-id=\"1c8d1b4\" data-element_type=\"widget\" data-widget_type=\"text-editor.default\">\n\t\t\t\t<div class=\"elementor-widget-container\">\n\t\t\t\t\t\t\t<p><span style=\"color: #000000;\">The target groups of the symposium are library workers - librarians, information professionals, methodologists, managers and founders of libraries, students of librarianship and information sciences, researchers, representatives of other memory and fund institutions from Slovakia and abroad<\/span><\/p>\t\t\t\t\t\t<\/div>\n\t\t\t\t<\/div>\n\t\t\t\t\t<\/div>\n\t\t<\/div>\n\t\t\t\t\t<\/div>\n\t\t<\/section>\n\t\t\t\t<\/div>","protected":false},"excerpt":{"rendered":"<p>Z\u00e1kladn\u00fdm cie\u013eom symp\u00f3zia je reflexia s\u00fa\u010dasn\u00e9ho stavu knihovn\u00edctva na Slovensku a v zahrani\u010d\u00ed, n\u00e1\u010drt v\u00fdvoja kni\u017eni\u010dnej vedy a praxe v bl\u00edzkej bud\u00facnosti a pomenovanie nov\u00fdch v\u00fdziev v hypermodernej dobre. T\u00e1 je ozna\u010dovan\u00e1 ako doba paradoxov \u2013 na jednej strane je kult\u00fara najvy\u0161\u0161ou z\u00a0hodn\u00f4t spolo\u010dnosti, na strane druhej je jej financovanie poddimenzovan\u00e9. Na jednej strane je [&hellip;]<\/p>\n","protected":false},"author":1,"featured_media":714,"parent":0,"menu_order":0,"comment_status":"closed","ping_status":"closed","template":"","meta":{"footnotes":""},"class_list":["post-91","page","type-page","status-publish","has-post-thumbnail","hentry"],"_links":{"self":[{"href":"https:\/\/infosonline.sk\/en\/wp-json\/wp\/v2\/pages\/91","targetHints":{"allow":["GET"]}}],"collection":[{"href":"https:\/\/infosonline.sk\/en\/wp-json\/wp\/v2\/pages"}],"about":[{"href":"https:\/\/infosonline.sk\/en\/wp-json\/wp\/v2\/types\/page"}],"author":[{"embeddable":true,"href":"https:\/\/infosonline.sk\/en\/wp-json\/wp\/v2\/users\/1"}],"replies":[{"embeddable":true,"href":"https:\/\/infosonline.sk\/en\/wp-json\/wp\/v2\/comments?post=91"}],"version-history":[{"count":44,"href":"https:\/\/infosonline.sk\/en\/wp-json\/wp\/v2\/pages\/91\/revisions"}],"predecessor-version":[{"id":1023,"href":"https:\/\/infosonline.sk\/en\/wp-json\/wp\/v2\/pages\/91\/revisions\/1023"}],"wp:featuredmedia":[{"embeddable":true,"href":"https:\/\/infosonline.sk\/en\/wp-json\/wp\/v2\/media\/714"}],"wp:attachment":[{"href":"https:\/\/infosonline.sk\/en\/wp-json\/wp\/v2\/media?parent=91"}],"curies":[{"name":"wp","href":"https:\/\/api.w.org\/{rel}","templated":true}]}}