{"id":522,"date":"2021-06-15T20:28:39","date_gmt":"2021-06-15T18:28:39","guid":{"rendered":"https:\/\/infosonline.sk\/?page_id=522"},"modified":"2024-09-18T21:26:01","modified_gmt":"2024-09-18T19:26:01","slug":"pozvanka","status":"publish","type":"page","link":"https:\/\/infosonline.sk\/en\/pozvanka","title":{"rendered":"Invitation"},"content":{"rendered":"<div data-elementor-type=\"wp-page\" data-elementor-id=\"522\" class=\"elementor elementor-522\">\n\t\t\t\t\t\t<section class=\"elementor-section elementor-top-section elementor-element elementor-element-758e35e0 elementor-section-boxed elementor-section-height-default elementor-section-height-default\" data-id=\"758e35e0\" data-element_type=\"section\">\n\t\t\t\t\t\t<div class=\"elementor-container elementor-column-gap-default\">\n\t\t\t\t\t<div class=\"elementor-column elementor-col-100 elementor-top-column elementor-element elementor-element-4ea38586\" data-id=\"4ea38586\" data-element_type=\"column\">\n\t\t\t<div class=\"elementor-widget-wrap elementor-element-populated\">\n\t\t\t\t\t\t<div class=\"elementor-element elementor-element-62df7f47 elementor-widget elementor-widget-text-editor\" data-id=\"62df7f47\" data-element_type=\"widget\" data-widget_type=\"text-editor.default\">\n\t\t\t\t<div class=\"elementor-widget-container\">\n\t\t\t\t\t\t\t<p><span style=\"color: #000000;\"><!-- wp:image {\"id\":930,\"sizeSlug\":\"large\",\"linkDestination\":\"none\"} --><\/span><\/p>\n<figure class=\"wp-block-image size-large\"><span style=\"color: #000000;\"><img fetchpriority=\"high\" decoding=\"async\" width=\"1024\" height=\"483\" class=\"wp-image-930 aligncenter\" src=\"https:\/\/infosonline.sk\/wp-content\/uploads\/2024\/09\/pozvanka_infos-1024x483.png\" alt=\"\" srcset=\"https:\/\/infosonline.sk\/wp-content\/uploads\/2024\/09\/pozvanka_infos-1024x483.png 1024w, https:\/\/infosonline.sk\/wp-content\/uploads\/2024\/09\/pozvanka_infos-300x141.png 300w, https:\/\/infosonline.sk\/wp-content\/uploads\/2024\/09\/pozvanka_infos-768x362.png 768w, https:\/\/infosonline.sk\/wp-content\/uploads\/2024\/09\/pozvanka_infos-1536x724.png 1536w, https:\/\/infosonline.sk\/wp-content\/uploads\/2024\/09\/pozvanka_infos.png 2000w\" sizes=\"(max-width: 1024px) 100vw, 1024px\" \/><\/span><\/figure>\n<p><span style=\"color: #000000;\"><!-- \/wp:image --><!-- wp:paragraph --><\/span><\/p>\n<p><span style=\"color: #000000;\">The Association of Slovak Librarians and Libraries invites you to the 41st edition of the international library and information symposium INFOS 2024.<\/span><\/p>\n<p><span style=\"color: #000000;\"><!-- \/wp:paragraph --><!-- wp:paragraph --><\/span><\/p>\n<p><span style=\"color: #000000;\">Date: 14-16 October 2024<\/span><br \/><span style=\"color: #000000;\">Form: face-to-face<\/span><\/p>\n<p><span style=\"color: #000000;\"><!-- \/wp:paragraph --><!-- wp:paragraph --><\/span><\/p>\n<p><span style=\"color: #000000;\">Topic: <strong>Hyperlib \u2013 Profession | innovations | the client \u2013 three elements and their relationships in the hypermodern era<\/strong><\/span><\/p>\n<p><span style=\"color: #000000;\"><!-- \/wp:paragraph --><!-- wp:paragraph --><\/span><\/p>\n<p class=\"translation-block\">The program, registration form and other information are on the symposium website: <br> <a href=\"https:\/\/infosonline.sk\/en\/\" target=\"_self\" rel=\"noreferrer noopener\"> https:\/\/infosonline.sk\/<\/p>\n<p><span style=\"color: #000000;\"><b><!-- \/wp:paragraph --><!-- wp:paragraph --><\/b><\/span><\/p>\n<p><span style=\"color: #000000;\">Organizer: Association of Slovak Librarians and Libraries<\/span><br \/><span style=\"color: #000000;\">The project was supported from public sources by the Art Support Fund, which is the main partner of the project. \u00a0<\/span><\/p>\n<p><span style=\"color: #000000;\"><!-- \/wp:paragraph --><!-- wp:paragraph --><\/span><\/p>\n<p><span style=\"color: #000000;\">We are looking forward to your participation,<\/span><br \/><span style=\"color: #000000;\">The organizing team of the INFOS 2024 symposium<\/span><\/p>\n<p><span style=\"color: #000000;\"><!-- \/wp:paragraph --><\/span><\/p>\t\t\t\t\t\t<\/div>\n\t\t\t\t<\/div>\n\t\t\t\t<div class=\"elementor-element elementor-element-6633e52 elementor-align-center e-transform elementor-invisible elementor-widget elementor-widget-button\" data-id=\"6633e52\" data-element_type=\"widget\" data-settings=\"{&quot;_animation&quot;:&quot;slideInLeft&quot;,&quot;_transform_rotateZ_effect&quot;:{&quot;unit&quot;:&quot;px&quot;,&quot;size&quot;:&quot;&quot;,&quot;sizes&quot;:[]},&quot;_transform_rotateZ_effect_tablet&quot;:{&quot;unit&quot;:&quot;deg&quot;,&quot;size&quot;:&quot;&quot;,&quot;sizes&quot;:[]},&quot;_transform_rotateZ_effect_mobile&quot;:{&quot;unit&quot;:&quot;deg&quot;,&quot;size&quot;:&quot;&quot;,&quot;sizes&quot;:[]}}\" data-widget_type=\"button.default\">\n\t\t\t\t<div class=\"elementor-widget-container\">\n\t\t\t\t\t<div class=\"elementor-button-wrapper\">\n\t\t\t<a class=\"elementor-button elementor-button-link elementor-size-sm\" href=\"https:\/\/infosonline.sk\/wp-content\/uploads\/2024\/09\/infos_pozvanka_pdf.pdf\" target=\"_blank\">\n\t\t\t\t\t\t<span class=\"elementor-button-content-wrapper\">\n\t\t\t\t\t\t<span class=\"elementor-button-icon\">\n\t\t\t\t<i aria-hidden=\"true\" class=\"far fa-file-pdf\"><\/i>\t\t\t<\/span>\n\t\t\t\t\t\t\t\t\t<span class=\"elementor-button-text\">A4 invitation in pdf format<\/span>\n\t\t\t\t\t<\/span>\n\t\t\t\t\t<\/a>\n\t\t<\/div>\n\t\t\t\t<\/div>\n\t\t\t\t<\/div>\n\t\t\t\t\t<\/div>\n\t\t<\/div>\n\t\t\t\t\t<\/div>\n\t\t<\/section>\n\t\t\t\t<section class=\"elementor-section elementor-top-section elementor-element elementor-element-ec25825 elementor-section-boxed elementor-section-height-default elementor-section-height-default\" data-id=\"ec25825\" data-element_type=\"section\">\n\t\t\t\t\t\t<div class=\"elementor-container elementor-column-gap-default\">\n\t\t\t\t\t<div class=\"elementor-column elementor-col-100 elementor-top-column elementor-element elementor-element-f2bf217\" data-id=\"f2bf217\" data-element_type=\"column\">\n\t\t\t<div class=\"elementor-widget-wrap\">\n\t\t\t\t\t\t\t<\/div>\n\t\t<\/div>\n\t\t\t\t\t<\/div>\n\t\t<\/section>\n\t\t\t\t<\/div>","protected":false},"excerpt":{"rendered":"<p>Spolok slovensk\u00fdch knihovn\u00edkov a kni\u017en\u00edc V\u00e1s poz\u00fdva na 41. ro\u010dn\u00edk medzin\u00e1rodn\u00e9ho kni\u017eni\u010dno-informa\u010dn\u00e9ho symp\u00f3zia INFOS 2024. Term\u00edn: 14. &#8211; 16. 10. 2024Forma: prezen\u010dn\u00e1 T\u00e9ma: Hyperlib &#8211; Profesia | inov\u00e1cie | klient &#8211; tri elementy a ich vz\u0165ahy v hypermodernej dobe Program, registra\u010dn\u00fd formul\u00e1r a \u010fal\u0161ie inform\u00e1cie s\u00fa na webe symp\u00f3zia:https:\/\/infosonline.sk\/ Organiz\u00e1tor: Spolok slovensk\u00fdch knihovn\u00edkov a kni\u017en\u00edcProjekt [&hellip;]<\/p>\n","protected":false},"author":1,"featured_media":0,"parent":0,"menu_order":0,"comment_status":"closed","ping_status":"closed","template":"","meta":{"footnotes":""},"class_list":["post-522","page","type-page","status-publish","hentry"],"_links":{"self":[{"href":"https:\/\/infosonline.sk\/en\/wp-json\/wp\/v2\/pages\/522","targetHints":{"allow":["GET"]}}],"collection":[{"href":"https:\/\/infosonline.sk\/en\/wp-json\/wp\/v2\/pages"}],"about":[{"href":"https:\/\/infosonline.sk\/en\/wp-json\/wp\/v2\/types\/page"}],"author":[{"embeddable":true,"href":"https:\/\/infosonline.sk\/en\/wp-json\/wp\/v2\/users\/1"}],"replies":[{"embeddable":true,"href":"https:\/\/infosonline.sk\/en\/wp-json\/wp\/v2\/comments?post=522"}],"version-history":[{"count":14,"href":"https:\/\/infosonline.sk\/en\/wp-json\/wp\/v2\/pages\/522\/revisions"}],"predecessor-version":[{"id":1056,"href":"https:\/\/infosonline.sk\/en\/wp-json\/wp\/v2\/pages\/522\/revisions\/1056"}],"wp:attachment":[{"href":"https:\/\/infosonline.sk\/en\/wp-json\/wp\/v2\/media?parent=522"}],"curies":[{"name":"wp","href":"https:\/\/api.w.org\/{rel}","templated":true}]}}