{"id":326,"date":"2021-05-17T19:08:37","date_gmt":"2021-05-17T17:08:37","guid":{"rendered":"https:\/\/infosonline.sk\/?page_id=326"},"modified":"2024-10-31T12:29:52","modified_gmt":"2024-10-31T11:29:52","slug":"o-spolku","status":"publish","type":"page","link":"https:\/\/infosonline.sk\/en\/o-spolku","title":{"rendered":"About the association"},"content":{"rendered":"<div data-elementor-type=\"wp-page\" data-elementor-id=\"326\" class=\"elementor elementor-326\">\n\t\t\t\t\t\t<section class=\"elementor-section elementor-top-section elementor-element elementor-element-5e7299b4 elementor-section-boxed elementor-section-height-default elementor-section-height-default\" data-id=\"5e7299b4\" data-element_type=\"section\">\n\t\t\t\t\t\t<div class=\"elementor-container elementor-column-gap-default\">\n\t\t\t\t\t<div class=\"elementor-column elementor-col-100 elementor-top-column elementor-element elementor-element-c9dc4\" data-id=\"c9dc4\" data-element_type=\"column\">\n\t\t\t<div class=\"elementor-widget-wrap elementor-element-populated\">\n\t\t\t\t\t\t\t<\/div>\n\t\t<\/div>\n\t\t\t\t\t<\/div>\n\t\t<\/section>\n\t\t\t\t<\/div>","protected":false},"excerpt":{"rendered":"<p>Dejiny n\u00e1\u0161ho zdru\u017eenia siahaj\u00fa u\u017e do prvej polovice 20. storo\u010dia. V roku 1920 vznikol Spolek \u010deskoslovensk\u00fdch knihovn\u00edk\u016f a jejich p\u0159\u00e1tel, ktor\u00fd bol a\u017e do z\u00e1niku prvej \u010cSR \u010dlenom medzin\u00e1rodnej knihovn\u00edckej organiz\u00e1cie IFLA. Tento spolok zanikol a\u017e v roku 1949. Za prvej \u010cSR nemali slovensk\u00ed kni\u017eni\u010dn\u00ed pracovn\u00edci vlastn\u00fd n\u00e1rodn\u00fd profesion\u00e1lny spolok, ale mohli by\u0165 \u010dlenmi spomenut\u00e9ho [&hellip;]<\/p>\n","protected":false},"author":1,"featured_media":0,"parent":0,"menu_order":0,"comment_status":"closed","ping_status":"closed","template":"","meta":{"footnotes":""},"class_list":["post-326","page","type-page","status-publish","hentry"],"_links":{"self":[{"href":"https:\/\/infosonline.sk\/en\/wp-json\/wp\/v2\/pages\/326","targetHints":{"allow":["GET"]}}],"collection":[{"href":"https:\/\/infosonline.sk\/en\/wp-json\/wp\/v2\/pages"}],"about":[{"href":"https:\/\/infosonline.sk\/en\/wp-json\/wp\/v2\/types\/page"}],"author":[{"embeddable":true,"href":"https:\/\/infosonline.sk\/en\/wp-json\/wp\/v2\/users\/1"}],"replies":[{"embeddable":true,"href":"https:\/\/infosonline.sk\/en\/wp-json\/wp\/v2\/comments?post=326"}],"version-history":[{"count":22,"href":"https:\/\/infosonline.sk\/en\/wp-json\/wp\/v2\/pages\/326\/revisions"}],"predecessor-version":[{"id":2366,"href":"https:\/\/infosonline.sk\/en\/wp-json\/wp\/v2\/pages\/326\/revisions\/2366"}],"wp:attachment":[{"href":"https:\/\/infosonline.sk\/en\/wp-json\/wp\/v2\/media?parent=326"}],"curies":[{"name":"wp","href":"https:\/\/api.w.org\/{rel}","templated":true}]}}