{"id":277,"date":"2021-05-14T17:25:52","date_gmt":"2021-05-14T15:25:52","guid":{"rendered":"http:\/\/infosonline.sk\/?page_id=277"},"modified":"2024-09-16T22:09:14","modified_gmt":"2024-09-16T20:09:14","slug":"informacie","status":"publish","type":"page","link":"https:\/\/infosonline.sk\/en\/informacie","title":{"rendered":"About the symposium"},"content":{"rendered":"<div data-elementor-type=\"wp-page\" data-elementor-id=\"277\" class=\"elementor elementor-277\">\n\t\t\t\t\t\t<section class=\"elementor-section elementor-top-section elementor-element elementor-element-66783860 elementor-section-boxed elementor-section-height-default elementor-section-height-default\" data-id=\"66783860\" data-element_type=\"section\">\n\t\t\t\t\t\t<div class=\"elementor-container elementor-column-gap-default\">\n\t\t\t\t\t<div class=\"elementor-column elementor-col-100 elementor-top-column elementor-element elementor-element-2b746ff5\" data-id=\"2b746ff5\" data-element_type=\"column\">\n\t\t\t<div class=\"elementor-widget-wrap elementor-element-populated\">\n\t\t\t\t\t\t<div class=\"elementor-element elementor-element-36f4f371 elementor-widget elementor-widget-text-editor\" data-id=\"36f4f371\" data-element_type=\"widget\" data-widget_type=\"text-editor.default\">\n\t\t\t\t<div class=\"elementor-widget-container\">\n\t\t\t\t\t\t\t<p><!-- wp:paragraph --><\/p>\n<p style=\"text-align: left;\"><span style=\"color: #000000;\">INFOS is one of the Slovak professional library events for all types of libraries with international participation.&nbsp;<b style=\"font-family: var( --e-global-typography-text-font-family ), Sans-serif; font-size: 1rem;\">It is a professional library event with the longest tradition in Slovakia<\/b><span style=\"font-family: var( --e-global-typography-text-font-family ), Sans-serif; font-weight: var( --e-global-typography-text-font-weight ); font-size: 1rem;\">&nbsp;(since 1972). Since 2001, the symposium has been held every two years (if unforeseen circumstances such as a pandemic do not intervene).<\/span><\/span><\/p>\n<p><span style=\"color: #000000;\"><b>An accompanying professional exhibition is part of the INFOS symposium&nbsp;<\/b>with Slovak and foreign exhibition companies in the field of software solutions for libraries, discovery systems, databases and electronic information sources, distribution of domestic and foreign literature, document protection and technical equipment of libraries.<\/span><\/p>\n<p><span style=\"color: #000000;\"><b>INFOS 2024 <\/b>\u2013 The 41st year of the symposium is dedicated&nbsp;<span style=\"font-family: var( --e-global-typography-text-font-family ), Sans-serif; font-weight: var( --e-global-typography-text-font-weight ); font-size: 1rem;\">reflection of the current state of librarianship in Slovakia and abroad, an outline of the development of library science and practice in the near future and the naming of new challenges in the hypermodern era. This is referred to as a time of paradoxes - on the one hand, culture is the highest of the company&#039;s values, on the other hand, its funding is undersized. On the one hand, education is extremely important, on the other hand, we allow the possibility of promoting opinions contrary to science and knowledge, and we could continue like that. Society, including libraries and other fund and memory institutions, is in the vortex of the fourth industrial revolution and a complex of cultural and social changes. The aim of the symposium is to highlight new challenges in contrast with our reality and possibilities as library institutions and the profession as such. We consider it important to share experiences, innovations and ideas with each other. In individual areas (elements), we would like to reflect the following areas:&nbsp;<\/span><\/span><\/p>\n<p><span style=\"color: #000000; font-family: var( --e-global-typography-text-font-family ), Sans-serif; font-size: 1rem;\"><b>PROFESSION:&nbsp;<\/b><\/span><\/p>\n<ul>\n<li><span style=\"color: #000000;\">Strategies for the development of library and information practice (at different levels \u2013 national, sectoral, institutional; concepts, possibilities, challenges and their contribution);&nbsp;<\/span><\/li>\n<li><span style=\"color: #000000;\">An effective national library system (libraries of all types and their role within the structure) or how to find the key to functioning and collaboration;&nbsp;<\/span><\/li>\n<li><span style=\"color: #000000;\">The issue of sharing basic library data (absence of a national collective catalog; register of digitized documents; sharing of information resources at the national level, etc.);<\/span><\/li>\n<li><span style=\"color: #000000;\">Further education of librarians - uniform methodology for the development of competences and skills (problems of primary librarian education; accredited courses; digital competences, etc.);<\/span><\/li>\n<li><span style=\"color: #000000;\">The problem of professional ethics and its application in practice; \u2022 Libraries - a place of open science and information... but? (copyright issues; equal access; resources and competences, etc.);&nbsp;<\/span><\/li>\n<li><span style=\"color: #000000;\">Librarian = Superhero before burnout\/extinction?&nbsp;<span style=\"font-family: var( --e-global-typography-text-font-family ), Sans-serif; font-weight: var( --e-global-typography-text-font-weight ); font-size: 1rem;\"><br><\/span><\/span><\/li>\n<\/ul>\n<p><span style=\"color: #000000; font-family: var( --e-global-typography-text-font-family ), Sans-serif; font-weight: var( --e-global-typography-text-font-weight ); font-size: 1rem;\">&nbsp;<\/span><span style=\"color: #000000; font-family: var( --e-global-typography-text-font-family ), Sans-serif; font-size: 1rem;\"><b>INNOVATIONS<\/b><\/span><\/p>\n<ul>\n<li><span style=\"color: #000000;\">Artificial intelligence - limits in limitless possibilities - ethical dimension;&nbsp;<\/span><\/li>\n<li><span style=\"color: #000000;\">AI in librarianship services (effective use of access to information for disadvantaged users; professional activities and their rationalization; personalization and efficiency in working with the user, etc.)&nbsp;<\/span><\/li>\n<li><span style=\"color: #000000;\">Concerns vs. benefit (examples of good practice in the use of technological innovations in libraries);&nbsp;<\/span><\/li>\n<li><span style=\"color: #000000;\">Sharing digitized resources - dream, vision, reality? \u2022 Yes, it makes sense - libraries in the digital age.<\/span><\/li>\n<\/ul>\n<p><span style=\"color: #000000;\"><b>CLIENT<\/b><\/span><\/p>\n<ul>\n<li><span style=\"color: #000000;\">Client needs and requirements vs. our capabilities and limitations;<\/span><\/li>\n<li><span style=\"color: #000000;\">Digital services of the state - libraries as an &quot;extended hand&quot;;<\/span><\/li>\n<li><span style=\"color: #000000;\">More is not better\u2026 or how to distribute power in relation to public services;&nbsp;<\/span><\/li>\n<li><span style=\"color: #000000;\">Looking for islands of silence or new experiences?<\/span><\/li>\n<li><span style=\"color: #000000;\">Is the library really a place for everyone or just a slogan?&nbsp;<\/span><\/li>\n<li><span style=\"color: #000000;\">The library - your better side (we believe that it is not the only one) - marketing and its use in everyday practice.<\/span><\/li>\n<\/ul>\n<div><span style=\"color: #000000; font-family: var( --e-global-typography-text-font-family ), Sans-serif; font-weight: var( --e-global-typography-text-font-weight ); font-size: 1rem;\">The target groups of the event are librarians from all types of libraries, methodologists, managers and founders of libraries, library students, scientific workers, representatives of other memory and holding institutions (archives, galleries and museums). The interest in participating in the symposium is also significant from neighboring countries, especially the Czech Republic, where libraries and librarians face similar problems as libraries in Slovakia and are interested in exchanging experience within the Central European area.&nbsp;<\/span><span style=\"color: var( --e-global-color-text ); font-family: var( --e-global-typography-text-font-family ), Sans-serif; font-weight: var( --e-global-typography-text-font-weight ); font-size: 1rem;\">&nbsp;<\/span><\/div>\t\t\t\t\t\t<\/div>\n\t\t\t\t<\/div>\n\t\t\t\t\t<\/div>\n\t\t<\/div>\n\t\t\t\t\t<\/div>\n\t\t<\/section>\n\t\t\t\t<\/div>","protected":false},"excerpt":{"rendered":"<p>INFOS patr\u00ed medzi celoslovensk\u00e9 odborn\u00e9 knihovn\u00edcke podujatia pre&nbsp;v\u0161etky typy kni\u017en\u00edc s&nbsp;medzin\u00e1rodnou \u00fa\u010das\u0165ou.&nbsp;Je odborn\u00fdm knihovn\u00edckym podujat\u00edm s&nbsp;najdlh\u0161ou trad\u00edciou na&nbsp;Slovensku&nbsp;(od 1972). Od roku 2001 sa symp\u00f3zium kon\u00e1 v&nbsp;dvojro\u010dnom intervale (ak do toho nezasiahnu nepredv\u00eddate\u013en\u00e9 okolnosti ako napr. pand\u00e9mia). S\u00fa\u010das\u0165ou symp\u00f3zia INFOS je sprievodn\u00e1 odborn\u00e1 v\u00fdstava&nbsp;so slovensk\u00fdmi a&nbsp;zahrani\u010dn\u00fdmi vystavovate\u013esk\u00fdmi firmami z&nbsp;oblasti softv\u00e9rov\u00fdch rie\u0161en\u00ed pre&nbsp;kni\u017enice, discovery syst\u00e9mov, datab\u00e1z a&nbsp;elektronick\u00fdch [&hellip;]<\/p>\n","protected":false},"author":1,"featured_media":0,"parent":0,"menu_order":0,"comment_status":"closed","ping_status":"closed","template":"","meta":{"footnotes":""},"class_list":["post-277","page","type-page","status-publish","hentry"],"_links":{"self":[{"href":"https:\/\/infosonline.sk\/en\/wp-json\/wp\/v2\/pages\/277","targetHints":{"allow":["GET"]}}],"collection":[{"href":"https:\/\/infosonline.sk\/en\/wp-json\/wp\/v2\/pages"}],"about":[{"href":"https:\/\/infosonline.sk\/en\/wp-json\/wp\/v2\/types\/page"}],"author":[{"embeddable":true,"href":"https:\/\/infosonline.sk\/en\/wp-json\/wp\/v2\/users\/1"}],"replies":[{"embeddable":true,"href":"https:\/\/infosonline.sk\/en\/wp-json\/wp\/v2\/comments?post=277"}],"version-history":[{"count":22,"href":"https:\/\/infosonline.sk\/en\/wp-json\/wp\/v2\/pages\/277\/revisions"}],"predecessor-version":[{"id":941,"href":"https:\/\/infosonline.sk\/en\/wp-json\/wp\/v2\/pages\/277\/revisions\/941"}],"wp:attachment":[{"href":"https:\/\/infosonline.sk\/en\/wp-json\/wp\/v2\/media?parent=277"}],"curies":[{"name":"wp","href":"https:\/\/api.w.org\/{rel}","templated":true}]}}