{"id":268,"date":"2021-05-14T17:20:47","date_gmt":"2021-05-14T15:20:47","guid":{"rendered":"http:\/\/infosonline.sk\/?page_id=268"},"modified":"2024-10-04T13:34:34","modified_gmt":"2024-10-04T11:34:34","slug":"informacie-pre-ucastnikov","status":"publish","type":"page","link":"https:\/\/infosonline.sk\/en\/informacie-pre-ucastnikov","title":{"rendered":"Information for participants"},"content":{"rendered":"<div data-elementor-type=\"wp-page\" data-elementor-id=\"268\" class=\"elementor elementor-268\">\n\t\t\t\t\t\t<section class=\"elementor-section elementor-top-section elementor-element elementor-element-f6a7d3d elementor-section-boxed elementor-section-height-default elementor-section-height-default\" data-id=\"f6a7d3d\" data-element_type=\"section\">\n\t\t\t\t\t\t<div class=\"elementor-container elementor-column-gap-default\">\n\t\t\t\t\t<div class=\"elementor-column elementor-col-100 elementor-top-column elementor-element elementor-element-9e78e7b\" data-id=\"9e78e7b\" data-element_type=\"column\">\n\t\t\t<div class=\"elementor-widget-wrap elementor-element-populated\">\n\t\t\t\t\t\t<section class=\"elementor-section elementor-inner-section elementor-element elementor-element-5a8848f elementor-section-boxed elementor-section-height-default elementor-section-height-default\" data-id=\"5a8848f\" data-element_type=\"section\">\n\t\t\t\t\t\t<div class=\"elementor-container elementor-column-gap-default\">\n\t\t\t\t\t<div class=\"elementor-column elementor-col-50 elementor-inner-column elementor-element elementor-element-4711835\" data-id=\"4711835\" data-element_type=\"column\">\n\t\t\t<div class=\"elementor-widget-wrap elementor-element-populated\">\n\t\t\t\t\t\t<div class=\"elementor-element elementor-element-bec002e elementor-widget elementor-widget-text-editor\" data-id=\"bec002e\" data-element_type=\"widget\" data-widget_type=\"text-editor.default\">\n\t\t\t\t<div class=\"elementor-widget-container\">\n\t\t\t\t\t\t\t<p><span style=\"color: #000000;\">Conference participants are required to register using&nbsp;<span style=\"font-weight: bolder;\"><a style=\"transition-property: all;\" href=\"https:\/\/forms.office.com\/e\/JNC0CadpyH\">registration form<\/a><\/span>. After closing the registration of participants, information with the complete program will be sent to them (approx. 09\/30\/2024).&nbsp;<\/span><\/p>\n<p><span style=\"color: #000000;\">Travel, accommodation and meals are covered by the broadcasting library (or the costs are borne by the individual participant). As part of the deposit, the organizers ensure:&nbsp;<\/span><\/p>\n<ul>\n<li><span style=\"color: #000000; font-family: var( --e-global-typography-text-font-family ), Sans-serif; font-weight: var( --e-global-typography-text-font-weight ); font-size: 1rem;\">refreshments during the conference<\/span><\/li>\n<li><span style=\"color: #000000; font-family: var( --e-global-typography-text-font-family ), Sans-serif; font-weight: var( --e-global-typography-text-font-weight ); font-size: 1rem;\">lunch \u2013 15\/10\/2024 (in the case of registration via a separate form sent after closing of registration\/full capacity)&nbsp;<\/span><\/li>\n<li><span style=\"color: #000000;\">participation in a social dinner associated with a raffle<\/span><\/li>\n<li><span style=\"color: #000000;\">guided tour of the city of Ko\u0161ice&nbsp;<\/span><\/li>\n<li><span style=\"color: #000000;\">free or discounted entrance fees in cultural partner institutions (V\u00fdchodoslovensk\u00e1 gallery, Ko\u0161ice cultural centers \u2013 K13, V\u00fdchodoslovensk\u00e9 museum, Memorial exhibition of S\u00e1ndor Marai)<\/span><\/li>\n<\/ul>\t\t\t\t\t\t<\/div>\n\t\t\t\t<\/div>\n\t\t\t\t\t<\/div>\n\t\t<\/div>\n\t\t\t\t<div class=\"elementor-column elementor-col-50 elementor-inner-column elementor-element elementor-element-9944281\" data-id=\"9944281\" data-element_type=\"column\">\n\t\t\t<div class=\"elementor-widget-wrap elementor-element-populated\">\n\t\t\t\t\t\t<div class=\"elementor-element elementor-element-0516b33 elementor-widget elementor-widget-text-editor\" data-id=\"0516b33\" data-element_type=\"widget\" data-widget_type=\"text-editor.default\">\n\t\t\t\t<div class=\"elementor-widget-container\">\n\t\t\t\t\t\t\t<p><span style=\"color: #000000;\"><strong>The amount of the participation fee<\/strong><\/span><\/p><ul><li><span style=\"color: #000000;\">representative of the SSKK member library\u00a0<span style=\"font-size: 12.0pt; line-height: 115%; font-family: 'Aptos',sans-serif; mso-ascii-theme-font: minor-latin; mso-fareast-font-family: Aptos; mso-fareast-theme-font: minor-latin; mso-hansi-theme-font: minor-latin; mso-bidi-font-family: 'Times New Roman'; mso-bidi-theme-font: minor-bidi; mso-ansi-language: SK; mso-fareast-language: EN-US; mso-bidi-language: AR-SA;\">\u2013\u00a0<\/span>30\u20ac<\/span><\/li><li><span style=\"color: #000000;\">representative of the SSKK non-member library\u00a0<span style=\"font-size: 12.0pt; line-height: 115%; font-family: 'Aptos',sans-serif; mso-ascii-theme-font: minor-latin; mso-fareast-font-family: Aptos; mso-fareast-theme-font: minor-latin; mso-hansi-theme-font: minor-latin; mso-bidi-font-family: 'Times New Roman'; mso-bidi-theme-font: minor-bidi; mso-ansi-language: SK; mso-fareast-language: EN-US; mso-bidi-language: AR-SA;\">\u2013\u00a0<\/span>\u00a060\u20ac<\/span><\/li><li><span style=\"color: #000000;\">individual participant - SSKK member\u00a0<span style=\"font-size: 12.0pt; line-height: 115%; font-family: 'Aptos',sans-serif; mso-ascii-theme-font: minor-latin; mso-fareast-font-family: Aptos; mso-fareast-theme-font: minor-latin; mso-hansi-theme-font: minor-latin; mso-bidi-font-family: 'Times New Roman'; mso-bidi-theme-font: minor-bidi; mso-ansi-language: SK; mso-fareast-language: EN-US; mso-bidi-language: AR-SA;\">\u2013\u00a0<\/span>30\u20ac<\/span><\/li><li><span style=\"color: #000000;\">individual participant - non-member of SSKK\u00a0<span style=\"font-size: 12.0pt; line-height: 115%; font-family: 'Aptos',sans-serif; mso-ascii-theme-font: minor-latin; mso-fareast-font-family: Aptos; mso-fareast-theme-font: minor-latin; mso-hansi-theme-font: minor-latin; mso-bidi-font-family: 'Times New Roman'; mso-bidi-theme-font: minor-bidi; mso-ansi-language: SK; mso-fareast-language: EN-US; mso-bidi-language: AR-SA;\">\u2013\u00a0<\/span>60\u20ac<\/span><\/li><li><span style=\"color: #000000;\">lecturer\/s\u00a0<span style=\"font-size: 12.0pt; line-height: 115%; font-family: 'Aptos',sans-serif; mso-ascii-theme-font: minor-latin; mso-fareast-font-family: Aptos; mso-fareast-theme-font: minor-latin; mso-hansi-theme-font: minor-latin; mso-bidi-font-family: 'Times New Roman'; mso-bidi-theme-font: minor-bidi; mso-ansi-language: SK; mso-fareast-language: EN-US; mso-bidi-language: AR-SA;\">\u2013\u00a0<\/span>0\u20ac<\/span><\/li><li><span style=\"color: #000000;\">representative of partners and supporters\u00a0<span style=\"font-size: 12.0pt; line-height: 115%; font-family: 'Aptos',sans-serif; mso-ascii-theme-font: minor-latin; mso-fareast-font-family: Aptos; mso-fareast-theme-font: minor-latin; mso-hansi-theme-font: minor-latin; mso-bidi-font-family: 'Times New Roman'; mso-bidi-theme-font: minor-bidi; mso-ansi-language: SK; mso-fareast-language: EN-US; mso-bidi-language: AR-SA;\">\u2013\u00a0<\/span>0\u20ac<\/span><\/li><\/ul>\t\t\t\t\t\t<\/div>\n\t\t\t\t<\/div>\n\t\t\t\t<div class=\"elementor-element elementor-element-f08f61a elementor-widget elementor-widget-text-editor\" data-id=\"f08f61a\" data-element_type=\"widget\" data-widget_type=\"text-editor.default\">\n\t\t\t\t<div class=\"elementor-widget-container\">\n\t\t\t\t\t\t\t<p><span style=\"color: #000000;\"><strong>Data for payment<\/strong><\/span><\/p><p><span style=\"color: #000000;\">V\u00daB, as, SWIFT: SUBASKBX, Account number: 69037012\/0200<\/span><br \/><span style=\"color: #000000;\">IBAN: SK36 0200 0000 0000 6903 7012<\/span><br \/><span style=\"color: #000000;\">Constant symbol: 0308 |<\/span> <span style=\"color: #000000;\">Variable symbol: 463672024\u00a0<\/span><br \/><span style=\"color: #000000;\">Message to recipient\/note: your last name<\/span><\/p><p><span style=\"color: #000000;\">Payment deadline: until <strong>04.10.\u00a02024\u00a0<\/strong>or by the due date on the issued SSKK invoice.<\/span><\/p>\t\t\t\t\t\t<\/div>\n\t\t\t\t<\/div>\n\t\t\t\t\t<\/div>\n\t\t<\/div>\n\t\t\t\t\t<\/div>\n\t\t<\/section>\n\t\t\t\t<div class=\"elementor-element elementor-element-5debfdf elementor-arrows-position-inside elementor-widget elementor-widget-image-carousel\" data-id=\"5debfdf\" data-element_type=\"widget\" data-settings=\"{&quot;navigation&quot;:&quot;arrows&quot;,&quot;autoplay&quot;:&quot;yes&quot;,&quot;pause_on_hover&quot;:&quot;yes&quot;,&quot;pause_on_interaction&quot;:&quot;yes&quot;,&quot;autoplay_speed&quot;:5000,&quot;infinite&quot;:&quot;yes&quot;,&quot;speed&quot;:500}\" data-widget_type=\"image-carousel.default\">\n\t\t\t\t<div class=\"elementor-widget-container\">\n\t\t\t\t\t<div class=\"elementor-image-carousel-wrapper swiper\" dir=\"ltr\">\n\t\t\t<div class=\"elementor-image-carousel swiper-wrapper\" aria-live=\"off\">\n\t\t\t\t\t\t\t\t<div class=\"swiper-slide\" role=\"group\" aria-roledescription=\"slide\" aria-label=\"1 of 6\"><figure class=\"swiper-slide-inner\"><img decoding=\"async\" class=\"swiper-slide-image\" src=\"https:\/\/infosonline.sk\/wp-content\/uploads\/elementor\/thumbs\/vsg_ke-qu721fkhrhhbptwm6nrhhwco8t7qrt5wnqwt29ht7c.jpg\" alt=\"V\u00fdchodoslovensk\u00e1 gal\u00e9ria\" \/><figcaption class=\"elementor-image-carousel-caption\">East Slovak Gallery<\/figcaption><\/figure><\/div><div class=\"swiper-slide\" role=\"group\" aria-roledescription=\"slide\" aria-label=\"2 of 6\"><figure class=\"swiper-slide-inner\"><img decoding=\"async\" class=\"swiper-slide-image\" src=\"https:\/\/infosonline.sk\/wp-content\/uploads\/elementor\/thumbs\/dolna_brana_k13-qu721cqz6zdgr00pn4jlsf2agnln4pupncycmflzq0.jpg\" alt=\"Doln\u00e1 br\u00e1na - archeologick\u00fd komplex\" \/><figcaption class=\"elementor-image-carousel-caption\">Lower gate - archaeological complex<\/figcaption><\/figure><\/div><div class=\"swiper-slide\" role=\"group\" aria-roledescription=\"slide\" aria-label=\"3 of 6\"><figure class=\"swiper-slide-inner\"><img decoding=\"async\" class=\"swiper-slide-image\" src=\"https:\/\/infosonline.sk\/wp-content\/uploads\/elementor\/thumbs\/vsm_ke-qu721ie0bzl6onsiq6zd7dn20ytuewh3o4v9i3dmoo.jpg\" alt=\"V\u00fdchodoslovensk\u00e9 m\u00fazeum\" \/><figcaption class=\"elementor-image-carousel-caption\">East Slovak Museum<\/figcaption><\/figure><\/div><div class=\"swiper-slide\" role=\"group\" aria-roledescription=\"slide\" aria-label=\"4 of 6\"><figure class=\"swiper-slide-inner\"><img decoding=\"async\" class=\"swiper-slide-image\" src=\"https:\/\/infosonline.sk\/wp-content\/uploads\/elementor\/thumbs\/mara-qv27dapoto1msrbv7e3vspi8h759e1sge4nalpnpsk.webp\" alt=\"Pam\u00e4tn\u00e1 v\u00fdstava S\u00e1ndora M\u00e1raia\" \/><figcaption class=\"elementor-image-carousel-caption\">Memorial exhibition of S\u00e1ndor M\u00e1rai<\/figcaption><\/figure><\/div><div class=\"swiper-slide\" role=\"group\" aria-roledescription=\"slide\" aria-label=\"5 of 6\"><figure class=\"swiper-slide-inner\"><img decoding=\"async\" class=\"swiper-slide-image\" src=\"https:\/\/infosonline.sk\/wp-content\/uploads\/elementor\/thumbs\/rodosto_ke-qu729w479t287hm8sbelxri0pnio1qqxtma4jwy97c.jpg\" alt=\"Rodo\u0161to - V\u00fdchodoslovensk\u00e9 m\u00fazem\" \/><figcaption class=\"elementor-image-carousel-caption\">Rodo\u0161to - East Slovak Museum<\/figcaption><\/figure><\/div><div class=\"swiper-slide\" role=\"group\" aria-roledescription=\"slide\" aria-label=\"6 of 6\"><figure class=\"swiper-slide-inner\"><img decoding=\"async\" class=\"swiper-slide-image\" src=\"https:\/\/infosonline.sk\/wp-content\/uploads\/elementor\/thumbs\/Kunsthalle-1-qu72jnnu9ufgtnflrjd2uasevrdy0jijty9q1eh0k8.jpg\" alt=\"Kunsthalle - K13\" \/><figcaption class=\"elementor-image-carousel-caption\">Kunsthalle - K13<\/figcaption><\/figure><\/div>\t\t\t<\/div>\n\t\t\t\t\t\t\t\t\t\t\t\t<div class=\"elementor-swiper-button elementor-swiper-button-prev\" role=\"button\" tabindex=\"0\">\n\t\t\t\t\t\t<i aria-hidden=\"true\" class=\"eicon-chevron-left\"><\/i>\t\t\t\t\t<\/div>\n\t\t\t\t\t<div class=\"elementor-swiper-button elementor-swiper-button-next\" role=\"button\" tabindex=\"0\">\n\t\t\t\t\t\t<i aria-hidden=\"true\" class=\"eicon-chevron-right\"><\/i>\t\t\t\t\t<\/div>\n\t\t\t\t\n\t\t\t\t\t\t\t\t\t<\/div>\n\t\t\t\t<\/div>\n\t\t\t\t<\/div>\n\t\t\t\t\t<\/div>\n\t\t<\/div>\n\t\t\t\t\t<\/div>\n\t\t<\/section>\n\t\t\t\t<section class=\"elementor-section elementor-top-section elementor-element elementor-element-e7e167c elementor-section-boxed elementor-section-height-default elementor-section-height-default\" data-id=\"e7e167c\" data-element_type=\"section\">\n\t\t\t\t\t\t<div class=\"elementor-container elementor-column-gap-default\">\n\t\t\t\t\t<div class=\"elementor-column elementor-col-100 elementor-top-column elementor-element elementor-element-7ff5a74\" data-id=\"7ff5a74\" data-element_type=\"column\">\n\t\t\t<div class=\"elementor-widget-wrap elementor-element-populated\">\n\t\t\t\t\t\t<div class=\"elementor-element elementor-element-d36fc04 elementor-widget elementor-widget-google_maps\" data-id=\"d36fc04\" data-element_type=\"widget\" data-widget_type=\"google_maps.default\">\n\t\t\t\t<div class=\"elementor-widget-container\">\n\t\t\t\t\t<div class=\"elementor-custom-embed\">\n\t\t\t<iframe loading=\"lazy\"\n\t\t\t\t\tsrc=\"https:\/\/maps.google.com\/maps?q=Koi%C5%A1ce%2C%20Gork%C3%A9ho%202%2C%20Slovensko&#038;t=m&#038;z=17&#038;output=embed&#038;iwloc=near\"\n\t\t\t\t\ttitle=\"Koi\u0161ce, Gork\u00e9ho 2, Slovakia\"\n\t\t\t\t\taria-label=\"Koi\u0161ce, Gork\u00e9ho 2, Slovakia\"\n\t\t\t><\/iframe>\n\t\t<\/div>\n\t\t\t\t<\/div>\n\t\t\t\t<\/div>\n\t\t\t\t\t<\/div>\n\t\t<\/div>\n\t\t\t\t\t<\/div>\n\t\t<\/section>\n\t\t\t\t<section class=\"elementor-section elementor-top-section elementor-element elementor-element-7be75cc elementor-section-boxed elementor-section-height-default elementor-section-height-default\" data-id=\"7be75cc\" data-element_type=\"section\">\n\t\t\t\t\t\t<div class=\"elementor-container elementor-column-gap-default\">\n\t\t\t\t\t<div class=\"elementor-column elementor-col-100 elementor-top-column elementor-element elementor-element-900dc26\" data-id=\"900dc26\" data-element_type=\"column\">\n\t\t\t<div class=\"elementor-widget-wrap\">\n\t\t\t\t\t\t\t<\/div>\n\t\t<\/div>\n\t\t\t\t\t<\/div>\n\t\t<\/section>\n\t\t\t\t<section class=\"elementor-section elementor-top-section elementor-element elementor-element-75691a5 elementor-section-boxed elementor-section-height-default elementor-section-height-default\" data-id=\"75691a5\" data-element_type=\"section\">\n\t\t\t\t\t\t<div class=\"elementor-container elementor-column-gap-default\">\n\t\t\t\t\t<div class=\"elementor-column elementor-col-100 elementor-top-column elementor-element elementor-element-c81a599\" data-id=\"c81a599\" data-element_type=\"column\">\n\t\t\t<div class=\"elementor-widget-wrap elementor-element-populated\">\n\t\t\t\t\t\t<div class=\"elementor-element elementor-element-6532a41 elementor-widget elementor-widget-text-editor\" data-id=\"6532a41\" data-element_type=\"widget\" data-widget_type=\"text-editor.default\">\n\t\t\t\t<div class=\"elementor-widget-container\">\n\t\t\t\t\t\t\t<p class=\"MsoNormal\" style=\"line-height: normal;\"><strong><span style=\"color: #000000;\"><span style=\"font-family: 'Cambria',serif;\">Hotels in Ko\u0161ice near Taba\u010dka Kulturbarik<\/span><\/span><\/strong><\/p>\t\t\t\t\t\t<\/div>\n\t\t\t\t<\/div>\n\t\t\t\t\t<\/div>\n\t\t<\/div>\n\t\t\t\t\t<\/div>\n\t\t<\/section>\n\t\t\t\t<section class=\"elementor-section elementor-top-section elementor-element elementor-element-628b14e elementor-section-boxed elementor-section-height-default elementor-section-height-default\" data-id=\"628b14e\" data-element_type=\"section\">\n\t\t\t\t\t\t<div class=\"elementor-container elementor-column-gap-default\">\n\t\t\t\t\t<div class=\"elementor-column elementor-col-33 elementor-top-column elementor-element elementor-element-68b059b\" data-id=\"68b059b\" data-element_type=\"column\">\n\t\t\t<div class=\"elementor-widget-wrap elementor-element-populated\">\n\t\t\t\t\t\t<div class=\"elementor-element elementor-element-0d4a5a2 elementor-widget elementor-widget-text-editor\" data-id=\"0d4a5a2\" data-element_type=\"widget\" data-widget_type=\"text-editor.default\">\n\t\t\t\t<div class=\"elementor-widget-container\">\n\t\t\t\t\t\t\t<span style=\"color: #000000;\"><strong>Hotel Yasmin Ko\u0161ice ****<\/strong><\/span>\n<br>\n<span style=\"color: #000000;\">Tyr\u0161ovo n\u00e1bre\u017eie 167\/5, about 7 minutes from Taba\u010dka<\/span>\n<br>\n<span style=\"color: #000000;\">Price - approx. 132\u20ac per night for 2 persons\/room<\/span>\t\t\t\t\t\t<\/div>\n\t\t\t\t<\/div>\n\t\t\t\t<div class=\"elementor-element elementor-element-00eb4f8 elementor-widget-divider--view-line elementor-widget elementor-widget-divider\" data-id=\"00eb4f8\" data-element_type=\"widget\" data-widget_type=\"divider.default\">\n\t\t\t\t<div class=\"elementor-widget-container\">\n\t\t\t\t\t<div class=\"elementor-divider\">\n\t\t\t<span class=\"elementor-divider-separator\">\n\t\t\t\t\t\t<\/span>\n\t\t<\/div>\n\t\t\t\t<\/div>\n\t\t\t\t<\/div>\n\t\t\t\t<div class=\"elementor-element elementor-element-647f4c3 elementor-widget elementor-widget-text-editor\" data-id=\"647f4c3\" data-element_type=\"widget\" data-widget_type=\"text-editor.default\">\n\t\t\t\t<div class=\"elementor-widget-container\">\n\t\t\t\t\t\t\t<span style=\"color: #000000;\"><strong>Boutique Hotel Michael&#039;s Palace ****<\/strong><\/span>\n<br>\n<span style=\"color: #000000;\">Komensk\u00e9ho 9, approx. 5 minutes from Taba\u010dka<\/span>\n<br>\n<span style=\"color: #000000;\">Price - approx. 63\u20ac per night for 1 person\/room, 107\u20ac per night for 2 persons\/room<\/span>\t\t\t\t\t\t<\/div>\n\t\t\t\t<\/div>\n\t\t\t\t\t<\/div>\n\t\t<\/div>\n\t\t\t\t<div class=\"elementor-column elementor-col-33 elementor-top-column elementor-element elementor-element-ae38b2d\" data-id=\"ae38b2d\" data-element_type=\"column\">\n\t\t\t<div class=\"elementor-widget-wrap elementor-element-populated\">\n\t\t\t\t\t\t<div class=\"elementor-element elementor-element-d9fc85b elementor-widget elementor-widget-text-editor\" data-id=\"d9fc85b\" data-element_type=\"widget\" data-widget_type=\"text-editor.default\">\n\t\t\t\t<div class=\"elementor-widget-container\">\n\t\t\t\t\t\t\t<span style=\"color: #000000;\"><strong>Hotel Crystal Ko\u0161ice ***<\/strong><\/span>\n<br>\n<span style=\"color: #000000;\">Slovak Unity 1776\/8, approx. 5 minutes from Taba\u010dka<\/span>\n<br>\n<span style=\"color: #000000;\">Price - approx. 103\u20ac per night for 2 persons\/room<\/span>\t\t\t\t\t\t<\/div>\n\t\t\t\t<\/div>\n\t\t\t\t<div class=\"elementor-element elementor-element-7744eee elementor-widget-divider--view-line elementor-widget elementor-widget-divider\" data-id=\"7744eee\" data-element_type=\"widget\" data-widget_type=\"divider.default\">\n\t\t\t\t<div class=\"elementor-widget-container\">\n\t\t\t\t\t<div class=\"elementor-divider\">\n\t\t\t<span class=\"elementor-divider-separator\">\n\t\t\t\t\t\t<\/span>\n\t\t<\/div>\n\t\t\t\t<\/div>\n\t\t\t\t<\/div>\n\t\t\t\t<div class=\"elementor-element elementor-element-74981ca elementor-widget elementor-widget-text-editor\" data-id=\"74981ca\" data-element_type=\"widget\" data-widget_type=\"text-editor.default\">\n\t\t\t\t<div class=\"elementor-widget-container\">\n\t\t\t\t\t\t\t<span style=\"color: #000000;\"><strong>Boutique Hotel Marathon ****<\/strong><\/span>\n<br>\n<span style=\"color: #000000;\">Stroj\u00e1rensk\u00e1 1083\/11, about 7 minutes from Tab\u010dka<\/span>\n<br>\n<span style=\"color: #000000;\">Price \u2013 \u20ac115 per night for 2 persons\/room<\/span>\t\t\t\t\t\t<\/div>\n\t\t\t\t<\/div>\n\t\t\t\t\t<\/div>\n\t\t<\/div>\n\t\t\t\t<div class=\"elementor-column elementor-col-33 elementor-top-column elementor-element elementor-element-cf26b34\" data-id=\"cf26b34\" data-element_type=\"column\">\n\t\t\t<div class=\"elementor-widget-wrap elementor-element-populated\">\n\t\t\t\t\t\t<div class=\"elementor-element elementor-element-39b7f68 elementor-widget elementor-widget-text-editor\" data-id=\"39b7f68\" data-element_type=\"widget\" data-widget_type=\"text-editor.default\">\n\t\t\t\t<div class=\"elementor-widget-container\">\n\t\t\t\t\t\t\t<span style=\"color: #000000;\"><strong>CITY Residence, apartment hotel<\/strong><\/span>\n<br>\n<span style=\"color: #000000;\">Ba\u010d\u00edkova 18, about 10 minutes from Taba\u010dka<\/span>\n<br>\n<span style=\"color: #000000;\">Price \u2013 \u20ac115 per night for 2 persons\/room<\/span>\t\t\t\t\t\t<\/div>\n\t\t\t\t<\/div>\n\t\t\t\t<div class=\"elementor-element elementor-element-d30796d elementor-widget-divider--view-line elementor-widget elementor-widget-divider\" data-id=\"d30796d\" data-element_type=\"widget\" data-widget_type=\"divider.default\">\n\t\t\t\t<div class=\"elementor-widget-container\">\n\t\t\t\t\t<div class=\"elementor-divider\">\n\t\t\t<span class=\"elementor-divider-separator\">\n\t\t\t\t\t\t<\/span>\n\t\t<\/div>\n\t\t\t\t<\/div>\n\t\t\t\t<\/div>\n\t\t\t\t<div class=\"elementor-element elementor-element-74b2ec4 elementor-widget elementor-widget-text-editor\" data-id=\"74b2ec4\" data-element_type=\"widget\" data-widget_type=\"text-editor.default\">\n\t\t\t\t<div class=\"elementor-widget-container\">\n\t\t\t\t\t\t\t<span style=\"color: #000000;\"><strong>Eco Friendly Hotel D\u00e1lia<\/strong><\/span>\n<br>\n<span style=\"color: #000000;\">L\u00f6fflerova 1, approx. 15 minutes from Taba\u010dka, approx. 10 minutes from the railway station<\/span>\n<br>\n<span style=\"color: #000000;\">Price \u2013 from \u20ac55<\/span>\t\t\t\t\t\t<\/div>\n\t\t\t\t<\/div>\n\t\t\t\t\t<\/div>\n\t\t<\/div>\n\t\t\t\t\t<\/div>\n\t\t<\/section>\n\t\t\t\t<section class=\"elementor-section elementor-top-section elementor-element elementor-element-7b337d8 elementor-section-boxed elementor-section-height-default elementor-section-height-default\" data-id=\"7b337d8\" data-element_type=\"section\">\n\t\t\t\t\t\t<div class=\"elementor-container elementor-column-gap-default\">\n\t\t\t\t\t<div class=\"elementor-column elementor-col-100 elementor-top-column elementor-element elementor-element-d0e9a3b\" data-id=\"d0e9a3b\" data-element_type=\"column\">\n\t\t\t<div class=\"elementor-widget-wrap\">\n\t\t\t\t\t\t\t<\/div>\n\t\t<\/div>\n\t\t\t\t\t<\/div>\n\t\t<\/section>\n\t\t\t\t<section class=\"elementor-section elementor-top-section elementor-element elementor-element-110d3a7 elementor-section-boxed elementor-section-height-default elementor-section-height-default\" data-id=\"110d3a7\" data-element_type=\"section\">\n\t\t\t\t\t\t<div class=\"elementor-container elementor-column-gap-default\">\n\t\t\t\t\t<div class=\"elementor-column elementor-col-100 elementor-top-column elementor-element elementor-element-7ac8a3e\" data-id=\"7ac8a3e\" data-element_type=\"column\">\n\t\t\t<div class=\"elementor-widget-wrap\">\n\t\t\t\t\t\t\t<\/div>\n\t\t<\/div>\n\t\t\t\t\t<\/div>\n\t\t<\/section>\n\t\t\t\t<\/div>","protected":false},"excerpt":{"rendered":"<p>\u00da\u010dastn\u00ed\u010dky a \u00fa\u010dastn\u00edci konferencie s\u00fa povinn\u00ed vykona\u0165 registr\u00e1ciu pomocou&nbsp;registra\u010dn\u00e9ho formul\u00e1ra. Po uzavret\u00ed registr\u00e1cie \u00fa\u010dastn\u00edkov a \u00fa\u010dastn\u00ed\u010dok im bud\u00fa zaslan\u00e9 inform\u00e1cie s kompletn\u00fdm programom (cca 30. 09. 2024).&nbsp; Cestovn\u00e9, ubytovanie a stravn\u00e9 hrad\u00ed vysielaj\u00faca kni\u017enica (pr\u00edpadne zn\u00e1\u0161a n\u00e1klady individu\u00e1lny\/a \u00fa\u010dastn\u00edk\/\u010dka). V r\u00e1mci vlo\u017en\u00e9ho organiz\u00e1tori zabezpe\u010duj\u00fa:&nbsp; ob\u010derstvenie po\u010das trvania konferencie obed &#8211; 15.10.2024 (v pr\u00edpade nahl\u00e1senia cez [&hellip;]<\/p>\n","protected":false},"author":1,"featured_media":0,"parent":0,"menu_order":0,"comment_status":"closed","ping_status":"closed","template":"","meta":{"footnotes":""},"class_list":["post-268","page","type-page","status-publish","hentry"],"_links":{"self":[{"href":"https:\/\/infosonline.sk\/en\/wp-json\/wp\/v2\/pages\/268","targetHints":{"allow":["GET"]}}],"collection":[{"href":"https:\/\/infosonline.sk\/en\/wp-json\/wp\/v2\/pages"}],"about":[{"href":"https:\/\/infosonline.sk\/en\/wp-json\/wp\/v2\/types\/page"}],"author":[{"embeddable":true,"href":"https:\/\/infosonline.sk\/en\/wp-json\/wp\/v2\/users\/1"}],"replies":[{"embeddable":true,"href":"https:\/\/infosonline.sk\/en\/wp-json\/wp\/v2\/comments?post=268"}],"version-history":[{"count":25,"href":"https:\/\/infosonline.sk\/en\/wp-json\/wp\/v2\/pages\/268\/revisions"}],"predecessor-version":[{"id":1213,"href":"https:\/\/infosonline.sk\/en\/wp-json\/wp\/v2\/pages\/268\/revisions\/1213"}],"wp:attachment":[{"href":"https:\/\/infosonline.sk\/en\/wp-json\/wp\/v2\/media?parent=268"}],"curies":[{"name":"wp","href":"https:\/\/api.w.org\/{rel}","templated":true}]}}