{"id":266,"date":"2021-05-14T17:20:28","date_gmt":"2021-05-14T15:20:28","guid":{"rendered":"http:\/\/infosonline.sk\/?page_id=266"},"modified":"2024-09-18T18:39:00","modified_gmt":"2024-09-18T16:39:00","slug":"informacie-pre-prednasajucich","status":"publish","type":"page","link":"https:\/\/infosonline.sk\/en\/informacie-pre-prednasajucich","title":{"rendered":"Information for lecturers"},"content":{"rendered":"<div data-elementor-type=\"wp-page\" data-elementor-id=\"266\" class=\"elementor elementor-266\">\n\t\t\t\t\t\t<section class=\"elementor-section elementor-top-section elementor-element elementor-element-6f769d37 elementor-section-boxed elementor-section-height-default elementor-section-height-default\" data-id=\"6f769d37\" data-element_type=\"section\">\n\t\t\t\t\t\t<div class=\"elementor-container elementor-column-gap-default\">\n\t\t\t\t\t<div class=\"elementor-column elementor-col-100 elementor-top-column elementor-element elementor-element-692dba2d\" data-id=\"692dba2d\" data-element_type=\"column\">\n\t\t\t<div class=\"elementor-widget-wrap elementor-element-populated\">\n\t\t\t\t\t\t<div class=\"elementor-element elementor-element-4f9bee10 elementor-widget elementor-widget-text-editor\" data-id=\"4f9bee10\" data-element_type=\"widget\" data-widget_type=\"text-editor.default\">\n\t\t\t\t<div class=\"elementor-widget-container\">\n\t\t\t\t\t\t\t<p><!-- wp:image {\"id\":511,\"sizeSlug\":\"large\",\"linkDestination\":\"none\"} --><\/p>\n<p><span style=\"color: #000000;\"><img fetchpriority=\"high\" decoding=\"async\" class=\"aligncenter wp-image-884 size-full\" src=\"https:\/\/infosonline.sk\/wp-content\/uploads\/2024\/09\/14.-\u2013-16.-oktober-2024-TABAcka-kulturfabrik-KOsice.png\" alt=\"\" width=\"2595\" height=\"883\" srcset=\"https:\/\/infosonline.sk\/wp-content\/uploads\/2024\/09\/14.-\u2013-16.-oktober-2024-TABAcka-kulturfabrik-KOsice.png 2595w, https:\/\/infosonline.sk\/wp-content\/uploads\/2024\/09\/14.-\u2013-16.-oktober-2024-TABAcka-kulturfabrik-KOsice-300x102.png 300w, https:\/\/infosonline.sk\/wp-content\/uploads\/2024\/09\/14.-\u2013-16.-oktober-2024-TABAcka-kulturfabrik-KOsice-1024x348.png 1024w, https:\/\/infosonline.sk\/wp-content\/uploads\/2024\/09\/14.-\u2013-16.-oktober-2024-TABAcka-kulturfabrik-KOsice-768x261.png 768w, https:\/\/infosonline.sk\/wp-content\/uploads\/2024\/09\/14.-\u2013-16.-oktober-2024-TABAcka-kulturfabrik-KOsice-1536x523.png 1536w, https:\/\/infosonline.sk\/wp-content\/uploads\/2024\/09\/14.-\u2013-16.-oktober-2024-TABAcka-kulturfabrik-KOsice-2048x697.png 2048w, https:\/\/infosonline.sk\/wp-content\/uploads\/2024\/09\/14.-\u2013-16.-oktober-2024-TABAcka-kulturfabrik-KOsice-18x6.png 18w\" sizes=\"(max-width: 2595px) 100vw, 2595px\" \/><\/span><\/p>\n<p><span style=\"color: #000000;\"><!-- \/wp:image --><\/span><\/p>\n<p><span style=\"color: #000000;\"><!-- wp:heading --><\/span><\/p>\n<h3><span style=\"color: #000000;\"><strong>GUIDELINES FOR AUTHORS<\/strong><\/span><\/h3>\n<p><span style=\"color: #000000;\"><strong>Presentation:<\/strong><\/span><\/p>\n<ul>\n<li><span style=\"color: #000000;\">presentation in format \u2013 .ppt, .pptx, .pdf, online form<\/span><\/li>\n<li><span style=\"color: #000000;\">for an online entry, it must be in a format that is presentable and shareable online<\/span><\/li>\n<li><span style=\"color: #000000;\">delivery date: until <b>10. 10. 2024<\/b><\/span><\/li>\n<li><span style=\"color: #000000;\">Method of delivery: by e-mail to: <a style=\"color: #000000;\" href=\"mailto:infos@sskk.sk\"><strong>infos@sskk.sk<\/strong><\/a> ; in case of technical problems with sending (file size, etc.), contact us at: <a style=\"color: #000000;\" href=\"mailto:norbert.vegh@skn.sk\"><strong>norbert.vegh@skn.sk<\/strong><\/a><\/span><\/li>\n<\/ul>\n<p><span style=\"color: #000000;\"><strong>Text of the paper in the proceedings:<\/strong><\/span><\/p>\n<ul>\n<li><span style=\"color: #000000;\">please send the text in electronic form by e-mail to the address: infos@sskk.sk - please include Infos24_n\u00e1zovpr\u00edspevku_name of the author in the subject of the message<\/span><\/li>\n<li><span style=\"color: #000000;\">language of contributions: Slovak, Czech, English, French<\/span><\/li>\n<li><span style=\"color: #000000;\">text format: Word (.doc, .docx) up to 10 standard pages<\/span><\/li>\n<li><span style=\"color: #000000;\">delivery date: until <b>14. 10. 2024<\/b><\/span><\/li>\n<li><span style=\"color: #000000;\">the editors reserve the right to make stylistic adjustments and language corrections without consulting the author<\/span><\/li>\n<li><span style=\"color: #000000;\">the texts will go through the review process, if the reviewer has comments, the text will be sent back to the author for their incorporation<\/span><\/li>\n<li><span style=\"color: #000000;\">citations and the list of bibliographic references should be given according to the applicable standard STN ISO 690:2012\/\u010cSN ISO 690\/ ISO 690<\/span><\/li>\n<\/ul>\n<p><span style=\"color: #000000;\"><strong>Contribution structure:<\/strong><\/span><\/p>\n<ul>\n<li><span style=\"color: #000000;\">title of the post (in the language of the article and in English)<\/span><\/li>\n<li><span style=\"color: #000000;\">name SURNAME of the author; Name SURNAME of co-author (if the contribution has several authors)<\/span><span style=\"color: #000000;\"> author affiliation; e-mail of the author<\/span><\/li>\n<li><span style=\"color: #000000;\">abstract in the language of the article and in English<\/span><\/li>\n<li><span style=\"color: #000000;\">keywords in the language of the article and the English language<\/span><\/li>\n<li><span style=\"color: #000000;\">own text of the post<\/span><\/li>\n<li><span style=\"color: #000000;\">list of bibliographic references<\/span><\/li>\n<\/ul>\n<p><span style=\"color: #000000;\"><strong>Text editing:<\/strong><\/span><\/p>\n<ul>\n<li><span style=\"color: #000000;\">font: Times New Roman, or basic font from the Windows\/Mac font set<\/span><\/li>\n<li><span style=\"color: #000000;\">font size: 12 points, in footnotes 10 points<\/span><\/li>\n<li><span style=\"color: #000000;\">line spacing: simple (1.0)<\/span><\/li>\n<li><span style=\"color: #000000;\">it is not necessary to insert page headers and footers or page numbers into the text<\/span><\/li>\n<li><span style=\"color: #000000;\">footnotes, use the command References \u2192 Insert footnote<\/span><\/li>\n<li><span style=\"color: #000000;\">please state titles in the original language<\/span><\/li>\n<li><span style=\"color: #000000;\">put headings and subheadings in bold, &quot;citations&quot; in quotation marks, titles of works in italics<\/span><\/li>\n<\/ul>\n<p><span style=\"color: #000000;\"><strong>Graphic elements<\/strong><\/span><\/p>\n<ul>\n<li><span style=\"color: #000000;\">do not insert photos, images, graphs and tables in a resolution of at least 300 dpi in the maximum number of 5 photos per article, just mark the place where you want to include them in the text (e.g. Image 1, Graph 1, Table 1)<\/span><\/li>\n<li><span style=\"color: #000000;\">Attach photos, images, graphs and tables (with the same designation of their location in the text) separately (in a separate file) in .jpg, .png, .gif format<\/span><\/li>\n<li><span style=\"color: #000000;\">attach the description of images, names of graphs, tables separately in one text file<\/span><\/li>\n<li><span style=\"color: #000000;\">submit tables in source format (as a separate file in excel format)<\/span><\/li>\n<li><span style=\"color: #000000;\">for photos or images, always state their authorship (or license)<\/span><\/li>\n<\/ul>\n<p><span style=\"color: #000000;\">Thank you for following these guidelines, it will make it much easier for us to work with the composition.<\/span><\/p>\n<p><span style=\"color: #000000;\"><!-- \/wp:heading --><\/span><\/p>\n<p><span style=\"color: #000000;\"><!-- wp:paragraph --><\/span><\/p>\n<p>\u00a0<\/p>\n<p><!-- \/wp:paragraph --><\/p>\t\t\t\t\t\t<\/div>\n\t\t\t\t<\/div>\n\t\t\t\t\t<\/div>\n\t\t<\/div>\n\t\t\t\t\t<\/div>\n\t\t<\/section>\n\t\t\t\t<\/div>","protected":false},"excerpt":{"rendered":"<p>POKYNY PRE AUTOROV Prezent\u00e1cia: prezent\u00e1cia vo form\u00e1te \u2013 .ppt, .pptx, .pdf, online forma v pr\u00edpade online vstupu mus\u00ed by\u0165 vo form\u00e1te, ktor\u00fd je prezentovate\u013en\u00fd a zdie\u013eate\u013en\u00fd online term\u00edn dodania: do 10. 10. 2024 Sp\u00f4sob dodania: e-mailom na: infos@sskk.sk ; v pr\u00edpade technick\u00fdch probl\u00e9mov so zaslan\u00edm (ve\u013ekos\u0165 s\u00faboru a pod.) n\u00e1s kontaktujte na: norbert.vegh@skn.sk Text pr\u00edspevku [&hellip;]<\/p>\n","protected":false},"author":1,"featured_media":0,"parent":0,"menu_order":0,"comment_status":"closed","ping_status":"closed","template":"","meta":{"footnotes":""},"class_list":["post-266","page","type-page","status-publish","hentry"],"_links":{"self":[{"href":"https:\/\/infosonline.sk\/en\/wp-json\/wp\/v2\/pages\/266","targetHints":{"allow":["GET"]}}],"collection":[{"href":"https:\/\/infosonline.sk\/en\/wp-json\/wp\/v2\/pages"}],"about":[{"href":"https:\/\/infosonline.sk\/en\/wp-json\/wp\/v2\/types\/page"}],"author":[{"embeddable":true,"href":"https:\/\/infosonline.sk\/en\/wp-json\/wp\/v2\/users\/1"}],"replies":[{"embeddable":true,"href":"https:\/\/infosonline.sk\/en\/wp-json\/wp\/v2\/comments?post=266"}],"version-history":[{"count":21,"href":"https:\/\/infosonline.sk\/en\/wp-json\/wp\/v2\/pages\/266\/revisions"}],"predecessor-version":[{"id":1045,"href":"https:\/\/infosonline.sk\/en\/wp-json\/wp\/v2\/pages\/266\/revisions\/1045"}],"wp:attachment":[{"href":"https:\/\/infosonline.sk\/en\/wp-json\/wp\/v2\/media?parent=266"}],"curies":[{"name":"wp","href":"https:\/\/api.w.org\/{rel}","templated":true}]}}